{"id":142,"date":"2015-10-22T15:32:34","date_gmt":"2015-10-22T15:32:34","guid":{"rendered":"http:\/\/test.kriesi.at\/construction\/?page_id=142"},"modified":"2025-04-20T17:13:36","modified_gmt":"2025-04-20T17:13:36","slug":"interior-design","status":"publish","type":"page","link":"https:\/\/construmedical.cl\/?page_id=142","title":{"rendered":"Servicio de pre Instalaciones T\u00e9cnicas"},"content":{"rendered":"<div  data-size='featured_large'  data-lightbox_size='large'  data-animation='fade'  data-conditional_play=''  data-ids='341,340'  data-video_counter='0'  data-autoplay='true'  data-bg_slider='false'  data-slide_height=''  data-handle='av_slideshow'  data-interval='5'  data-class=' avia-builder-el-0  el_before_av_one_full  avia-builder-el-first   '  data-css_id=''  data-scroll_down=''  data-control_layout='av-control-hidden'  data-custom_markup=''  data-perma_caption=''  data-autoplay_stopper=''  data-image_attachment=''  data-min_height='0px'  data-default-height='42'  class='avia-slideshow avia-slideshow-1  av-control-hidden av-default-height-applied avia-slideshow-featured_large av_slideshow  avia-builder-el-0  el_before_av_one_full  avia-builder-el-first    avia-fade-slider '  itemprop=\"image\" itemscope=\"itemscope\" itemtype=\"https:\/\/schema.org\/ImageObject\" ><ul class='avia-slideshow-inner ' style='padding-bottom: 46.666666666667%;' ><li  class=' slide-1 ' ><div data-rel='slideshow-1' class='avia-slide-wrap '   ><img src='https:\/\/construmedical.cl\/wp-content\/uploads\/2025\/04\/img60-1-1350x630.jpg' width='1350' height='630' title='img60' alt=''  itemprop=\"thumbnailUrl\"   \/><\/div><\/li><li  class=' slide-2 ' ><div data-rel='slideshow-1' class='avia-slide-wrap '   ><img src='https:\/\/construmedical.cl\/wp-content\/uploads\/2025\/04\/resonador-01.jpg' width='1100' height='533' title='resonador-01' alt=''  itemprop=\"thumbnailUrl\"   \/><\/div><\/li><\/ul><div class='avia-slideshow-arrows avia-slideshow-controls'><a href='#prev' class='prev-slide' aria-hidden='true' data-av_icon='\ue87c' data-av_iconfont='entypo-fontello'>Anterior<\/a><a href='#next' class='next-slide' aria-hidden='true' data-av_icon='\ue87d' data-av_iconfont='entypo-fontello'>Posterior<\/a><\/div><div class='avia-slideshow-dots avia-slideshow-controls'><a href='#1' class='goto-slide active' >1<\/a><a href='#2' class='goto-slide ' >2<\/a><\/div><\/div>\n<div class=\"flex_column av_one_full  av-animated-generic bottom-to-top  flex_column_div av-zero-column-padding first  avia-builder-el-1  el_after_av_slideshow  el_before_av_one_half  \" style='margin-top:0px; margin-bottom:0px; border-radius:0px; '><p><div style='padding-bottom:0px; ' class='av-special-heading av-special-heading-h2  blockquote modern-quote  avia-builder-el-2  el_before_av_hr  avia-builder-el-first   '><h2 class='av-special-heading-tag '  itemprop=\"headline\"  >Servicio de pre Instalaciones T\u00e9cnicas<\/h2><div class='special-heading-border'><div class='special-heading-inner-border' ><\/div><\/div><\/div><br \/>\n<div style=' margin-top:10px; margin-bottom:10px;'  class='hr hr-custom hr-left hr-icon-no   avia-builder-el-3  el_after_av_heading  avia-builder-el-last '><span class='hr-inner   inner-border-av-border-fat' style=' width:50px; border-color:#efbb20;' ><span class='hr-inner-style'><\/span><\/span><\/div><\/p><\/div>\n<div class=\"flex_column av_one_half  av-animated-generic bottom-to-top  flex_column_div av-zero-column-padding first  avia-builder-el-4  el_after_av_one_full  el_before_av_one_half  column-top-margin\" style='margin-top:0px; margin-bottom:0px; border-radius:0px; '><section class=\"av_textblock_section \"  itemscope=\"itemscope\" itemtype=\"https:\/\/schema.org\/CreativeWork\" ><div class='avia_textblock  '   itemprop=\"text\" ><p>Preparamos la infraestructura para la instalaci\u00f3n de equipamiento cl\u00ednico de mediana y alta complejidad, asegurando las condiciones t\u00e9cnicas \u00f3ptimas para su funcionamiento.<\/p>\n<\/div><\/section><\/div>\n<div class=\"flex_column av_one_half  av-animated-generic bottom-to-top  flex_column_div av-zero-column-padding   avia-builder-el-6  el_after_av_one_half  avia-builder-el-last  column-top-margin\" style='margin-top:0px; margin-bottom:0px; border-radius:0px; '><section class=\"av_textblock_section \"  itemscope=\"itemscope\" itemtype=\"https:\/\/schema.org\/CreativeWork\" ><div class='avia_textblock  '   itemprop=\"text\" ><ul class=\"ul1\">\n<li class=\"li1\"><span class=\"s1\">Preparaci\u00f3n de salas para equipamiento cl\u00ednico: tomograf\u00eda, rayos X, resonancia magn\u00e9tica, entre otros.<\/span><\/li>\n<li class=\"li1\"><span class=\"s1\">Instalaci\u00f3n de redes especiales: gases cl\u00ednicos, data, telecomunicaciones, control de acceso y seguridad.<\/span><\/li>\n<li class=\"li1\"><span class=\"s1\">Habilitaci\u00f3n de sistemas el\u00e9ctricos de respaldo (UPS y generadores).<\/span><\/li>\n<li class=\"li1\"><span class=\"s1\">Cumplimiento de est\u00e1ndares t\u00e9cnicos para la instalaci\u00f3n de equipos de mediana y alta complejidad.<\/span><\/li>\n<\/ul>\n<\/div><\/section><\/div>\n","protected":false},"excerpt":{"rendered":"","protected":false},"author":1,"featured_media":0,"parent":25,"menu_order":0,"comment_status":"closed","ping_status":"closed","template":"","meta":{"footnotes":""},"class_list":["post-142","page","type-page","status-publish","hentry"],"_links":{"self":[{"href":"https:\/\/construmedical.cl\/index.php?rest_route=\/wp\/v2\/pages\/142","targetHints":{"allow":["GET"]}}],"collection":[{"href":"https:\/\/construmedical.cl\/index.php?rest_route=\/wp\/v2\/pages"}],"about":[{"href":"https:\/\/construmedical.cl\/index.php?rest_route=\/wp\/v2\/types\/page"}],"author":[{"embeddable":true,"href":"https:\/\/construmedical.cl\/index.php?rest_route=\/wp\/v2\/users\/1"}],"replies":[{"embeddable":true,"href":"https:\/\/construmedical.cl\/index.php?rest_route=%2Fwp%2Fv2%2Fcomments&post=142"}],"version-history":[{"count":2,"href":"https:\/\/construmedical.cl\/index.php?rest_route=\/wp\/v2\/pages\/142\/revisions"}],"predecessor-version":[{"id":342,"href":"https:\/\/construmedical.cl\/index.php?rest_route=\/wp\/v2\/pages\/142\/revisions\/342"}],"up":[{"embeddable":true,"href":"https:\/\/construmedical.cl\/index.php?rest_route=\/wp\/v2\/pages\/25"}],"wp:attachment":[{"href":"https:\/\/construmedical.cl\/index.php?rest_route=%2Fwp%2Fv2%2Fmedia&parent=142"}],"curies":[{"name":"wp","href":"https:\/\/api.w.org\/{rel}","templated":true}]}}